{"id":5188,"date":"2023-07-19T11:59:27","date_gmt":"2023-07-19T09:59:27","guid":{"rendered":"https:\/\/www.nicopirozzi.it\/demo\/?post_type=product&#038;p=5188"},"modified":"2023-09-14T14:37:47","modified_gmt":"2023-09-14T12:37:47","slug":"fantasmi-del-cilento","status":"publish","type":"product","link":"https:\/\/www.nicopirozzi.it\/demo\/product\/fantasmi-del-cilento\/","title":{"rendered":"Fantasmi del Cilento."},"content":{"rendered":"<p>Titolo: Fantasmi del Cilento. Da Altavilla Silentina a Lenti un\u2019inedita storia della Shoah ungherese<br \/>\nAutore: Nico Pirozzi<br \/>\nEditore: Edizioni CentoAutori<br \/>\nISBN: 9-788895-241340<br \/>\nPrima edizione: Dicembre 2007<br \/>\nPagine: 160<br \/>\nEuro: 15,00<\/p>\n<p>&nbsp;<\/p>\n<p>Alla vigilia di quello che \u00e8 stato uno dei maggiori massacri della storia dell\u2019umanit\u00e0 \u2013 la deportazione di quasi mezzo milione di ebrei magiari nei campi di sterminio della Polonia del Governatorato Generale, nell\u2019estate del 1944 \u2013 trenta ebrei di Lenti, una cittadina del Transdanubio occidentale ungherese, vennero in possesso di altrettanti certificati, probabilmente trafugati dal municipio di Altavilla Silentina, in provincia di Salerno. Chi, come e perch\u00e9 li abbia portati sino a quel minuscolo villaggio, posto in prossimit\u00e0 del confine di tre stati (Slovenia, Croazia e Austria), \u00e8, probabilmente, destinato a rimanere un enigma. Un mistero che nessuno dei trenta ebrei di Lenti potr\u00e0 mai svelare, essendo la loro vita drammaticamente giunta al capolinea prima che la guerra finisse. Da sfondo al racconto, che si snoda lungo una ideale direttrice Budapest-Fiume-Campagna, la vicenda umana e politica di un giovane vescovo, Giuseppe Maria Palatucci, che assieme al nipote Giovanni, responsabile dell\u2019Ufficio stranieri della questura di Fiume, potrebbe essere stato il principale regista di un progetto realizzatosi solo in parte<\/p>\n","protected":false},"excerpt":{"rendered":"<p>Titolo: Fantasmi del Cilento. Da Altavilla Silentina a Lenti un\u2019inedita storia della Shoah ungherese Autore: Nico Pirozzi Editore: Edizioni CentoAutori ISBN: 9-788895-241340 Prima edizione: Dicembre 2007 Pagine: 160 Euro: 15,00 &nbsp; Alla vigilia di quello che \u00e8 stato uno dei maggiori massacri della storia dell\u2019umanit\u00e0 \u2013 la deportazione di quasi mezzo milione di ebrei magiari [&hellip;]<\/p>\n","protected":false},"featured_media":5189,"comment_status":"closed","ping_status":"closed","template":"","meta":[],"product_cat":[67],"product_tag":[],"class_list":["post-5188","product","type-product","status-publish","has-post-thumbnail","hentry","product_cat-libri"],"_links":{"self":[{"href":"https:\/\/www.nicopirozzi.it\/demo\/wp-json\/wp\/v2\/product\/5188","targetHints":{"allow":["GET"]}}],"collection":[{"href":"https:\/\/www.nicopirozzi.it\/demo\/wp-json\/wp\/v2\/product"}],"about":[{"href":"https:\/\/www.nicopirozzi.it\/demo\/wp-json\/wp\/v2\/types\/product"}],"replies":[{"embeddable":true,"href":"https:\/\/www.nicopirozzi.it\/demo\/wp-json\/wp\/v2\/comments?post=5188"}],"version-history":[{"count":4,"href":"https:\/\/www.nicopirozzi.it\/demo\/wp-json\/wp\/v2\/product\/5188\/revisions"}],"predecessor-version":[{"id":6093,"href":"https:\/\/www.nicopirozzi.it\/demo\/wp-json\/wp\/v2\/product\/5188\/revisions\/6093"}],"wp:featuredmedia":[{"embeddable":true,"href":"https:\/\/www.nicopirozzi.it\/demo\/wp-json\/wp\/v2\/media\/5189"}],"wp:attachment":[{"href":"https:\/\/www.nicopirozzi.it\/demo\/wp-json\/wp\/v2\/media?parent=5188"}],"wp:term":[{"taxonomy":"product_cat","embeddable":true,"href":"https:\/\/www.nicopirozzi.it\/demo\/wp-json\/wp\/v2\/product_cat?post=5188"},{"taxonomy":"product_tag","embeddable":true,"href":"https:\/\/www.nicopirozzi.it\/demo\/wp-json\/wp\/v2\/product_tag?post=5188"}],"curies":[{"name":"wp","href":"https:\/\/api.w.org\/{rel}","templated":true}]}}