{"id":5186,"date":"2023-07-10T11:57:33","date_gmt":"2023-07-10T09:57:33","guid":{"rendered":"https:\/\/www.nicopirozzi.it\/demo\/?post_type=product&#038;p=5186"},"modified":"2023-09-14T14:38:15","modified_gmt":"2023-09-14T12:38:15","slug":"francesca-e-il-cavaliere","status":"publish","type":"product","link":"https:\/\/www.nicopirozzi.it\/demo\/product\/francesca-e-il-cavaliere\/","title":{"rendered":"Francesca e il Cavaliere."},"content":{"rendered":"<p>Titolo: Francesca e il Cavaliere. La singolare storia della fidanzata di Silvio Berlusconi<br \/>\nAutori: Mariagiovanna Capone \u2013 Nico Pirozzi<br \/>\nEditore: Edizioni CentoAutori<br \/>\nISBN: 9-788897-121725<br \/>\nPrima edizione: Gennaio 2013<br \/>\nPagine: 112<br \/>\nEuro: 10,00<\/p>\n<p>&nbsp;<\/p>\n<p>I primi passi nel mondo dello spettacolo come showgirl del programma trash \u201cTelecafone\u201d; l\u2019ingresso in politica passando per la segreteria di Fulvio Martusciello, dove viene concepita la singolare idea del fan club \u201cSilvio ci manchi\u201d. Poi \u2013 ma quando? \u2013 il fatale incontro con lui, Silvio. La breve esperienza in consiglio provinciale e, infine, l\u2019ufficializzazione del fidanzamento con Berlusconi, il 16 dicembre 2012. Ha dell\u2019incredibile l\u2019ascesa di Francesca Pascale, mezzo secolo in meno del suo fidanzato, che in pochi anni riesce a sbaragliare in volata le tante altre agguerrite contendenti al trono di Arcore. Lei, che non ha il fisico della top model, n\u00e9 la classe o lo charme dell\u2019aristocratica, impara subito e bene. Corsi di dizione e portamento. Perfino di bon ton. Lo stile di Francesca post \u201cSilvio ci manchi\u201d \u00e8 lontano anni luce dalla ragazza che leccava Calippo a gog\u00f2 sulla spiaggia di Varcaturo. \u00c8 sobrio e riservato. Quasi da signora. Quasi da first lady<\/p>\n","protected":false},"excerpt":{"rendered":"<p>Titolo: Francesca e il Cavaliere. La singolare storia della fidanzata di Silvio Berlusconi Autori: Mariagiovanna Capone \u2013 Nico Pirozzi Editore: Edizioni CentoAutori ISBN: 9-788897-121725 Prima edizione: Gennaio 2013 Pagine: 112 Euro: 10,00 &nbsp; I primi passi nel mondo dello spettacolo come showgirl del programma trash \u201cTelecafone\u201d; l\u2019ingresso in politica passando per la segreteria di Fulvio [&hellip;]<\/p>\n","protected":false},"featured_media":5187,"comment_status":"closed","ping_status":"closed","template":"","meta":[],"product_cat":[67],"product_tag":[],"class_list":["post-5186","product","type-product","status-publish","has-post-thumbnail","hentry","product_cat-libri"],"_links":{"self":[{"href":"https:\/\/www.nicopirozzi.it\/demo\/wp-json\/wp\/v2\/product\/5186","targetHints":{"allow":["GET"]}}],"collection":[{"href":"https:\/\/www.nicopirozzi.it\/demo\/wp-json\/wp\/v2\/product"}],"about":[{"href":"https:\/\/www.nicopirozzi.it\/demo\/wp-json\/wp\/v2\/types\/product"}],"replies":[{"embeddable":true,"href":"https:\/\/www.nicopirozzi.it\/demo\/wp-json\/wp\/v2\/comments?post=5186"}],"version-history":[{"count":3,"href":"https:\/\/www.nicopirozzi.it\/demo\/wp-json\/wp\/v2\/product\/5186\/revisions"}],"predecessor-version":[{"id":6097,"href":"https:\/\/www.nicopirozzi.it\/demo\/wp-json\/wp\/v2\/product\/5186\/revisions\/6097"}],"wp:featuredmedia":[{"embeddable":true,"href":"https:\/\/www.nicopirozzi.it\/demo\/wp-json\/wp\/v2\/media\/5187"}],"wp:attachment":[{"href":"https:\/\/www.nicopirozzi.it\/demo\/wp-json\/wp\/v2\/media?parent=5186"}],"wp:term":[{"taxonomy":"product_cat","embeddable":true,"href":"https:\/\/www.nicopirozzi.it\/demo\/wp-json\/wp\/v2\/product_cat?post=5186"},{"taxonomy":"product_tag","embeddable":true,"href":"https:\/\/www.nicopirozzi.it\/demo\/wp-json\/wp\/v2\/product_tag?post=5186"}],"curies":[{"name":"wp","href":"https:\/\/api.w.org\/{rel}","templated":true}]}}