{"id":5180,"date":"2023-07-07T11:51:55","date_gmt":"2023-07-07T09:51:55","guid":{"rendered":"https:\/\/www.nicopirozzi.it\/demo\/?post_type=product&#038;p=5180"},"modified":"2023-09-14T14:38:22","modified_gmt":"2023-09-14T12:38:22","slug":"napoletani-irripetibili","status":"publish","type":"product","link":"https:\/\/www.nicopirozzi.it\/demo\/product\/napoletani-irripetibili\/","title":{"rendered":"Napoletani."},"content":{"rendered":"<p>Titolo: Napoletani. Irripetibili, irriducibili e incorruttibili<br \/>\nAutori: Mimmo Carratelli \u2013 Antonello Grassi \u2013 Nico Pirozzi \u2013 Gianpaolo Santoro<br \/>\nEditore: Edizioni CentoAutori<br \/>\nISBN: 9-788897-121763<br \/>\nPrima edizione: Ottobre 2013<br \/>\nPagine: 112<br \/>\nEuro: 20,00<\/p>\n<p>&nbsp;<\/p>\n<p>Irripetibili, irriducibili ed incorruttibili: tre aggettivi forti e all\u2019apparenza anche un po\u2019 surreali per una grande trib\u00f9 che \u2013 come sosteneva Pier Paolo Pasolini \u2013 anzich\u00e9 vivere nel deserto o nella savana, come i Tuareg e i Beja, vive nel ventre di una grande citt\u00e0 di mare. Un libro che parla di uomini e di donne, che nel bene o nel male, per carisma, fama o disgrazia sono entrati a far parte dell\u2019anima di Napoli, confondendosi essi stessi nella dimensione astorica di una citt\u00e0 poco incline al cambiamento. Immutabile e misteriosa, \u00abcome una Pompei che non \u00e8 stata mai sepolta\u00bb, spiegava al colonnello Jack Hamilton il capitano Curzio Malaparte, in uno dei dialoghi pi\u00f9 belli e intensi de \u201cLa pelle\u201d. Certamente, irriverente e indecifrabile, per troppo tempo abituata a servire e a comandare, a lamentarsi, a ridere, a gridare, a sfottere.<br \/>\nGiorgio Ascarelli, Enrico Caruso, Benedetto Croce, Eduardo De Filippo, Enrico De Nicola, Raffaele Cutolo, Corrado Ferlaino, Achille Lauro, Sophia Loren e Tot\u00f2: persone molto diverse tra loro, che nella loro eterogeneit\u00e0 e, a volte, stridente contrapposizione ben sintetizzano i mille volti di quella napoletanit\u00e0 che, a torto o a ragione, intellettuali, provocatori e predicatori hanno spesso chiamato in causa. Nove uomini e una donna, le cui storie rappresentano un particolare e significativo spaccato di quella trib\u00f9 a cui Pasolini aveva dato il nome di \u201cnapoletani\u201d<\/p>\n","protected":false},"excerpt":{"rendered":"<p>Titolo: Napoletani. Irripetibili, irriducibili e incorruttibili Autori: Mimmo Carratelli \u2013 Antonello Grassi \u2013 Nico Pirozzi \u2013 Gianpaolo Santoro Editore: Edizioni CentoAutori ISBN: 9-788897-121763 Prima edizione: Ottobre 2013 Pagine: 112 Euro: 20,00 &nbsp; Irripetibili, irriducibili ed incorruttibili: tre aggettivi forti e all\u2019apparenza anche un po\u2019 surreali per una grande trib\u00f9 che \u2013 come sosteneva Pier Paolo [&hellip;]<\/p>\n","protected":false},"featured_media":5181,"comment_status":"closed","ping_status":"closed","template":"","meta":[],"product_cat":[67],"product_tag":[],"class_list":["post-5180","product","type-product","status-publish","has-post-thumbnail","hentry","product_cat-libri"],"_links":{"self":[{"href":"https:\/\/www.nicopirozzi.it\/demo\/wp-json\/wp\/v2\/product\/5180","targetHints":{"allow":["GET"]}}],"collection":[{"href":"https:\/\/www.nicopirozzi.it\/demo\/wp-json\/wp\/v2\/product"}],"about":[{"href":"https:\/\/www.nicopirozzi.it\/demo\/wp-json\/wp\/v2\/types\/product"}],"replies":[{"embeddable":true,"href":"https:\/\/www.nicopirozzi.it\/demo\/wp-json\/wp\/v2\/comments?post=5180"}],"version-history":[{"count":3,"href":"https:\/\/www.nicopirozzi.it\/demo\/wp-json\/wp\/v2\/product\/5180\/revisions"}],"predecessor-version":[{"id":6098,"href":"https:\/\/www.nicopirozzi.it\/demo\/wp-json\/wp\/v2\/product\/5180\/revisions\/6098"}],"wp:featuredmedia":[{"embeddable":true,"href":"https:\/\/www.nicopirozzi.it\/demo\/wp-json\/wp\/v2\/media\/5181"}],"wp:attachment":[{"href":"https:\/\/www.nicopirozzi.it\/demo\/wp-json\/wp\/v2\/media?parent=5180"}],"wp:term":[{"taxonomy":"product_cat","embeddable":true,"href":"https:\/\/www.nicopirozzi.it\/demo\/wp-json\/wp\/v2\/product_cat?post=5180"},{"taxonomy":"product_tag","embeddable":true,"href":"https:\/\/www.nicopirozzi.it\/demo\/wp-json\/wp\/v2\/product_tag?post=5180"}],"curies":[{"name":"wp","href":"https:\/\/api.w.org\/{rel}","templated":true}]}}